{"id":55,"date":"2026-02-16T19:05:31","date_gmt":"2026-02-16T19:05:31","guid":{"rendered":"https:\/\/webkroj.hr\/?page_id=55"},"modified":"2026-02-18T10:45:11","modified_gmt":"2026-02-18T10:45:11","slug":"55-2","status":"publish","type":"page","link":"https:\/\/webkroj.hr\/index.php\/55-2\/","title":{"rendered":"Kontakt"},"content":{"rendered":"<div class=\"et_pb_section_0 et_pb_section et_section_regular et_block_section\">\n<div class=\"et_pb_row_0 et_pb_row et_block_row\">\n<div class=\"et_pb_column_0 et_pb_column et_pb_column_1_3 et_block_column et_pb_css_mix_blend_mode_passthrough\">\n<div class=\"et_pb_image_0 et_pb_image et_pb_module et_block_module\"><span class=\"et_pb_image_wrap\"><img loading=\"lazy\" decoding=\"async\" src=\"https:\/\/webkroj.hr\/wp-content\/uploads\/2026\/02\/creative-marketing-29.png\" width=\"1020\" height=\"1040\" srcset=\"https:\/\/webkroj.hr\/wp-content\/uploads\/2026\/02\/creative-marketing-29.png 1020w, https:\/\/webkroj.hr\/wp-content\/uploads\/2026\/02\/creative-marketing-29-980x999.png 980w, https:\/\/webkroj.hr\/wp-content\/uploads\/2026\/02\/creative-marketing-29-480x489.png 480w\" sizes=\"(min-width: 0px) and (max-width: 480px) 480px, (min-width: 481px) and (max-width: 980px) 980px, (min-width: 981px) 1020px, 100vw\" class=\"wp-image-58\" title=\"creative-marketing-29\" \/><\/span><\/div>\n<\/div>\n\n<div class=\"et_pb_column_1 et_pb_column et_pb_column_2_3 et-last-child et_block_column et_pb_css_mix_blend_mode_passthrough\">\n<div class=\"et_pb_text_0 et_pb_text et_pb_bg_layout_light et_pb_module et_block_module preset--module--divi-text--fc2eb290-8615-4a48-9c9d-6f497d91d77b\"><div class=\"et_pb_text_inner\"><h4>Kontakt<\/h4>\n<\/div><\/div>\n\n<div class=\"et_pb_text_1 et_pb_text et_pb_bg_layout_light et_pb_module et_block_module preset--module--divi-text--f021f819-6644-4181-99da-306200320a84\"><div class=\"et_pb_text_inner\"><h1>Ima\u0161 pitanja?<\/h1>\n<\/div><\/div>\n\n<div class=\"et_pb_text_2 et_pb_text et_pb_bg_layout_light et_pb_module et_block_module preset--module--divi-text--e60e9dbe-afe3-420a-8618-fdee020217e9\"><div class=\"et_pb_text_inner\"><p>Ima\u0161 pitanja? Javi se kontakt formom, po\u0161alji email ili nas nazovi:<\/p>\n<\/div><\/div>\n\n<div class=\"et_pb_contact_form_0 et_pb_contact_form_container clearfix et_pb_module et_flex_module preset--module--divi-contact-form--c034a1ed-e9b8-4367-8c16-83240a1c5a0c\" data-form_unique_num=\"0\" data-form_unique_id=\"7067d836e5cc6b8d0df5f1ee01accc26\" id=\"et_pb_contact_form_7067d836e5cc6b8d0df5f1ee01accc26\"><div class=\"et-pb-contact-message\"><\/div><div class=\"et_pb_contact\"><form class=\"et_pb_contact_form et_flex_module\" method=\"post\" action=\"https:\/\/webkroj.hr\/index.php\/wp-json\/wp\/v2\/pages\/55\">\n<div class=\"et_pb_contact_field_0 et_pb_contact_field et_pb_module et_flex_module et_flex_column_24_24 et_flex_column_24_24_tablet et_flex_column_24_24_phone\" data-id=\"name\" data-type=\"input\"><label class=\"et_pb_contact_form_label\">Ime<\/label><input type=\"text\" name=\"et_pb_contact_0_name_0\" id=\"et_pb_contact_0_name_0\" class=\"input\" data-required_mark=\"required\" data-field_type=\"input\" data-original_id=\"name\" placeholder=\"Ime\" title=\"\" value=\"\" \/><\/div>\n\n<div class=\"et_pb_contact_field_1 et_pb_contact_field et_pb_module et_flex_module et_flex_column_24_24 et_flex_column_24_24_tablet et_flex_column_24_24_phone\" data-id=\"email\" data-type=\"email\"><label class=\"et_pb_contact_form_label\">Email <\/label><input type=\"text\" name=\"et_pb_contact_0_email_1\" id=\"et_pb_contact_0_email_1\" class=\"input\" data-required_mark=\"required\" data-field_type=\"email\" data-original_id=\"email\" placeholder=\"Email \" title=\"\" value=\"\" \/><\/div>\n\n<div class=\"et_pb_contact_field_2 et_pb_contact_field et_pb_module et_flex_module et_flex_column_24_24 et_flex_column_24_24_tablet et_flex_column_24_24_phone\" data-id=\"message\" data-type=\"text\"><label class=\"et_pb_contact_form_label\">Poruka<\/label><textarea name=\"et_pb_contact_0_message_2\" id=\"et_pb_contact_0_message_2\" class=\"et_pb_contact_message input\" data-required_mark=\"required\" data-field_type=\"text\" data-original_id=\"message\" placeholder=\"Poruka\"><\/textarea><\/div>\n<input type=\"hidden\" name=\"et_pb_contactform_submit_7067d836e5cc6b8d0df5f1ee01accc26\" value=\"et_contact_proccess\" \/><div class=\"et_contact_bottom_container\"><div class=\"et_pb_contact_right et_pb_contact_field\"><p class=\"clearfix\"><span class=\"et_pb_contact_captcha_question\">2 + 2<\/span> = <input type=\"text\" size=\"2\" class=\"input et_pb_contact_captcha\" data-first_digit=\"2\" data-second_digit=\"2\" data-required_mark=\"required\" name=\"et_pb_contact_captcha_7067d836e5cc6b8d0df5f1ee01accc26\" autocomplete=\"off\" \/><\/p><\/div><div class=\"et_pb_button_wrapper\"><button type=\"submit\" name=\"et_builder_submit_button\" class=\"et_pb_button et_pb_contact_submit\">Po\u0161alji<\/button><\/div><\/div><input type=\"hidden\" id=\"_wpnonce-et-pb-contact-form-submitted-7067d836e5cc6b8d0df5f1ee01accc26\" name=\"_wpnonce-et-pb-contact-form-submitted-7067d836e5cc6b8d0df5f1ee01accc26\" value=\"66e12ce153\" \/><input type=\"hidden\" name=\"_wp_http_referer\" value=\"\/index.php\/wp-json\/wp\/v2\/pages\/55\" \/><\/form><\/div><\/div>\n<\/div>\n<\/div>\n<\/div>\n\n<div class=\"et_pb_section_1 et_pb_section et_section_regular et_block_section\">\n<div class=\"et_pb_row_1 et_pb_row et_flex_row\">\n<div class=\"et_pb_column_2 et_pb_column et_flex_column et_pb_css_mix_blend_mode_passthrough et_flex_column_12_24 et_flex_column_12_24_tablet et_flex_column_24_24_phone\">\n<div class=\"et_pb_image_1 et_pb_image et_pb_module et_block_module\"><span class=\"et_pb_image_wrap\"><img loading=\"lazy\" decoding=\"async\" src=\"https:\/\/webkroj.hr\/wp-content\/uploads\/2026\/02\/creative-marketing-icon-10.png\" width=\"64\" height=\"64\" sizes=\"(max-width: 64px) 100vw, 64px\" class=\"wp-image-22\" title=\"creative-marketing-icon-10\" \/><\/span><\/div>\n\n<div class=\"et_pb_text_3 et_pb_text et_pb_bg_layout_light et_pb_module et_block_module et_pb_text_align_center preset--module--divi-text--daac7d18-1de7-4b08-b4e7-a88b3a46d55c\"><div class=\"et_pb_text_inner\"><h3>info@webkroj.hr<\/h3>\n<\/div><\/div>\n<\/div>\n\n<div class=\"et_pb_column_3 et_pb_column et-last-child et_flex_column et_pb_css_mix_blend_mode_passthrough et_flex_column_12_24 et_flex_column_12_24_tablet et_flex_column_24_24_phone\">\n<div class=\"et_pb_image_2 et_pb_image et_pb_module et_block_module\"><span class=\"et_pb_image_wrap\"><img loading=\"lazy\" decoding=\"async\" src=\"https:\/\/webkroj.hr\/wp-content\/uploads\/2026\/02\/creative-marketing-icon-5.png\" width=\"64\" height=\"64\" sizes=\"(max-width: 64px) 100vw, 64px\" class=\"wp-image-60\" title=\"creative-marketing-icon-5\" \/><\/span><\/div>\n\n<div class=\"et_pb_text_4 et_pb_text et_pb_bg_layout_light et_pb_module et_block_module et_pb_text_align_center preset--module--divi-text--daac7d18-1de7-4b08-b4e7-a88b3a46d55c\"><div class=\"et_pb_text_inner\"><h3>091 787 3001<\/h3>\n<\/div><\/div>\n<\/div>\n<\/div>\n<\/div>\n\n<div class=\"et_pb_section_2 et_pb_section et_section_regular et_block_section\">\n<div class=\"et_pb_row_2 et_pb_row et_flex_row\">\n<div class=\"et_pb_column_4 et_pb_column et_flex_column et_pb_css_mix_blend_mode_passthrough et_flex_column_24_24 et_flex_column_24_24_tablet et_flex_column_24_24_phone\">\n<div class=\"et_pb_contact_form_1 et_pb_contact_form_container clearfix et_animated et_pb_module et_flex_module\" data-form_unique_num=\"1\" data-form_unique_id=\"cb05150d-49e6-405c-b020-ebfe889bf1a1\" id=\"et_pb_contact_form_cb05150d-49e6-405c-b020-ebfe889bf1a1\"><div class=\"et-pb-contact-message\"><\/div><div class=\"et_pb_contact\"><form class=\"et_pb_contact_form et_flex_module\" method=\"post\" action=\"https:\/\/webkroj.hr\/index.php\/wp-json\/wp\/v2\/pages\/55\">\n<div class=\"et_pb_contact_field_3 et_pb_contact_field et_animated et_pb_module et_flex_module et_flex_column_12_24 et_flex_column_12_24_tablet et_flex_column_12_24_phone\" data-id=\"ime\" data-type=\"input\"><label class=\"et_pb_contact_form_label\">Ime<\/label><input type=\"text\" name=\"et_pb_contact_1_ime_3\" id=\"et_pb_contact_1_ime_3\" class=\"input\" data-required_mark=\"required\" data-field_type=\"input\" data-original_id=\"ime\" placeholder=\"Ime\" title=\"\" value=\"\" \/><\/div>\n\n<div class=\"et_pb_contact_field_4 et_pb_contact_field et_animated et_pb_module et_flex_module et_flex_column_12_24 et_flex_column_12_24_tablet et_flex_column_12_24_phone\" data-id=\"email\" data-type=\"email\"><label class=\"et_pb_contact_form_label\">Email adresa<\/label><input type=\"text\" name=\"et_pb_contact_1_email_4\" id=\"et_pb_contact_1_email_4\" class=\"input\" data-required_mark=\"required\" data-field_type=\"email\" data-original_id=\"email\" placeholder=\"Email adresa\" title=\"\" value=\"\" \/><\/div>\n\n<div class=\"et_pb_contact_field_5 et_pb_contact_field et_pb_module et_flex_module et_flex_column_24_24 et_flex_column_24_24_tablet et_flex_column_24_24_phone\" data-id=\"poruka\" data-type=\"text\"><label class=\"et_pb_contact_form_label\">Poruka<\/label><textarea name=\"et_pb_contact_1_poruka_5\" id=\"et_pb_contact_1_poruka_5\" class=\"et_pb_contact_message input\" data-required_mark=\"required\" data-field_type=\"text\" data-original_id=\"poruka\" placeholder=\"Poruka\"><\/textarea><\/div>\n<input type=\"hidden\" name=\"et_pb_contactform_submit_cb05150d-49e6-405c-b020-ebfe889bf1a1\" value=\"et_contact_proccess\" \/><div class=\"et_contact_bottom_container\"><div class=\"et_pb_contact_right et_pb_contact_field\"><p class=\"clearfix\"><span class=\"et_pb_contact_captcha_question\">5 + 2<\/span> = <input type=\"text\" size=\"2\" class=\"input et_pb_contact_captcha\" data-first_digit=\"5\" data-second_digit=\"2\" data-required_mark=\"required\" name=\"et_pb_contact_captcha_cb05150d-49e6-405c-b020-ebfe889bf1a1\" autocomplete=\"off\" \/><\/p><\/div><div class=\"et_pb_button_wrapper\"><button type=\"submit\" name=\"et_builder_submit_button\" class=\"et_pb_button et_pb_contact_submit\">Po\u0161alji<\/button><\/div><\/div><input type=\"hidden\" id=\"_wpnonce-et-pb-contact-form-submitted-cb05150d-49e6-405c-b020-ebfe889bf1a1\" name=\"_wpnonce-et-pb-contact-form-submitted-cb05150d-49e6-405c-b020-ebfe889bf1a1\" value=\"36633000a9\" \/><input type=\"hidden\" name=\"_wp_http_referer\" value=\"\/index.php\/wp-json\/wp\/v2\/pages\/55\" \/><\/form><\/div><\/div>\n<\/div>\n\n<div class=\"et_pb_column_5 et_pb_column et-last-child et_flex_column et_pb_css_mix_blend_mode_passthrough et_flex_column_24_24 et_flex_column_24_24_tablet et_flex_column_24_24_phone\">\n<div class=\"et_pb_text_5 et_pb_text et_pb_bg_layout_light et_pb_module et_flex_module\"><div class=\"et_pb_text_inner\"><p style=\"text-align: center;\"><span style=\"color: #ffffff;\">Web Kroj - Agencija za izradu web stranica<\/span><\/p>\n<p style=\"text-align: center;\"><span style=\"color: #ffffff;\">Vlasnik: Edin Fori\u0107<\/span><\/p>\n<p style=\"text-align: center;\"><span style=\"color: #ffffff;\">Sjedi\u0161te: Zagreba\u010dka 5, Ivani\u0107 grad<\/span><\/p>\n<p style=\"text-align: center;\"><span style=\"color: #ffffff;\">Email: <a href=\"mailto:kontakt@webkroj.hr\">info@webkroj.hr<\/a><\/span><\/p>\n<p style=\"text-align: center;\"><span style=\"color: #ffffff;\">Mob: 091 787 3001<\/span><\/p>\n<p style=\"text-align: center;\"><span style=\"color: #ffffff;\">Napomena: Obveznik nije u sustavu PDV-a prema \u010dl. 90. st. 1. i 2. Zakona o PDV-u.<\/span><\/p>\n<\/div><\/div>\n<\/div>\n<\/div>\n<\/div>","protected":false},"excerpt":{"rendered":"","protected":false},"author":1,"featured_media":0,"parent":0,"menu_order":0,"comment_status":"closed","ping_status":"closed","template":"","meta":{"footnotes":""},"class_list":["post-55","page","type-page","status-publish","hentry"],"_links":{"self":[{"href":"https:\/\/webkroj.hr\/index.php\/wp-json\/wp\/v2\/pages\/55","targetHints":{"allow":["GET"]}}],"collection":[{"href":"https:\/\/webkroj.hr\/index.php\/wp-json\/wp\/v2\/pages"}],"about":[{"href":"https:\/\/webkroj.hr\/index.php\/wp-json\/wp\/v2\/types\/page"}],"author":[{"embeddable":true,"href":"https:\/\/webkroj.hr\/index.php\/wp-json\/wp\/v2\/users\/1"}],"replies":[{"embeddable":true,"href":"https:\/\/webkroj.hr\/index.php\/wp-json\/wp\/v2\/comments?post=55"}],"version-history":[{"count":11,"href":"https:\/\/webkroj.hr\/index.php\/wp-json\/wp\/v2\/pages\/55\/revisions"}],"predecessor-version":[{"id":94,"href":"https:\/\/webkroj.hr\/index.php\/wp-json\/wp\/v2\/pages\/55\/revisions\/94"}],"wp:attachment":[{"href":"https:\/\/webkroj.hr\/index.php\/wp-json\/wp\/v2\/media?parent=55"}],"curies":[{"name":"wp","href":"https:\/\/api.w.org\/{rel}","templated":true}]}}